{"id":1006,"date":"2024-05-22T14:34:54","date_gmt":"2024-05-22T12:34:54","guid":{"rendered":"https:\/\/www.bauapp.net\/?page_id=1006"},"modified":"2024-06-13T10:31:59","modified_gmt":"2024-06-13T08:31:59","slug":"anyagazonositas-es-terep-logisztika","status":"publish","type":"page","link":"https:\/\/www.bauapp.net\/?page_id=1006","title":{"rendered":"Anyagazonos\u00edt\u00e1s \u00e9s Terep-logisztika"},"content":{"rendered":"<section class=\"l-section wpb_row height_medium\"><div class=\"l-section-h i-cf\"><div class=\"g-cols vc_row via_grid cols_1 laptops-cols_inherit tablets-cols_inherit mobiles-cols_1 valign_top type_default stacking_default\"><div class=\"wpb_column vc_column_container\"><div class=\"vc_column-inner\"><div class=\"wpb_text_column\"><div class=\"wpb_wrapper\"><h2 style=\"text-align: center;\">Digital Terrain Logistics Standard (DTLS)<\/h2>\n<\/div><\/div><div class=\"g-cols wpb_row via_grid cols_1 laptops-cols_inherit tablets-cols_inherit mobiles-cols_1 valign_top type_default stacking_default\" style=\"--gap:3rem;\"><div class=\"wpb_column vc_column_container\"><div class=\"vc_column-inner\"><div class=\"w-image align_none\"><div class=\"w-image-h\"><img loading=\"lazy\" decoding=\"async\" width=\"1024\" height=\"475\" src=\"https:\/\/www.bauapp.net\/wp-content\/uploads\/2024\/06\/Infography_Final_english-1-1024x475.jpg\" class=\"attachment-large size-large\" alt=\"\" loading=\"lazy\" srcset=\"https:\/\/www.bauapp.net\/wp-content\/uploads\/2024\/06\/Infography_Final_english-1-1024x475.jpg 1024w, https:\/\/www.bauapp.net\/wp-content\/uploads\/2024\/06\/Infography_Final_english-1-300x139.jpg 300w, https:\/\/www.bauapp.net\/wp-content\/uploads\/2024\/06\/Infography_Final_english-1.jpg 1598w\" sizes=\"auto, (max-width: 1024px) 100vw, 1024px\" \/><\/div><\/div><\/div><\/div><\/div><\/div><\/div><\/div><\/div><\/section><section class=\"l-section wpb_row us_custom_eac59c77 height_medium\"><div class=\"l-section-h i-cf\"><div class=\"g-cols vc_row via_grid cols_1 laptops-cols_inherit tablets-cols_inherit mobiles-cols_1 valign_top type_default stacking_default\"><div class=\"wpb_column vc_column_container\"><div class=\"vc_column-inner\"><div class=\"wpb_text_column\"><div class=\"wpb_wrapper\"><h3 style=\"text-align: center;\">BauApp Leads Largest Construction Alliance to Create Digital Terrain Logistics Standard and Standard Material Identification.<\/h3>\n<p>&nbsp;<\/p>\n<p style=\"text-align: center;\"><strong>The creation of such a standard is only possible through wide-ranging cooperation. Leading construction players are constantly joining, with whom we work intensively and jointly to develop Standard Material Identification and Digital Terrain-Logistics Standard (DTLS) applications.<\/strong><\/p>\n<p>&nbsp;<\/p>\n<\/div><\/div><div class=\"g-cols wpb_row via_grid cols_3 laptops-cols_inherit tablets-cols_inherit mobiles-cols_1 valign_top type_default stacking_default\" style=\"--gap:3rem;\"><div class=\"wpb_column vc_column_container\"><div class=\"vc_column-inner\"><div class=\"w-video align_none ratio_16x9 has_iframe\"><div class=\"w-video-h\"><iframe title=\"Youtube video player\" src=\"\/\/www.youtube.com\/embed\/z_tW-P8I_Vg?autoplay=0&controls=1&origin=https:\/\/www.bauapp.net&loop=0&mute=0\" allowfullscreen=\"1\" loading=\"lazy\"><\/iframe><\/div><div class=\"w-video-icon\" style=\"font-size:1.5rem;background:rgba(0,0,0,0.5);color:#fff\"><\/div><\/div><\/div><\/div><div class=\"wpb_column vc_column_container\"><div class=\"vc_column-inner\"><div class=\"w-video align_none ratio_16x9 has_iframe\"><div class=\"w-video-h\"><iframe title=\"Youtube video player\" src=\"\/\/www.youtube.com\/embed\/63O8XhF9ORQ?autoplay=0&controls=1&origin=https:\/\/www.bauapp.net&loop=0&mute=0\" allowfullscreen=\"1\" loading=\"lazy\"><\/iframe><\/div><div class=\"w-video-icon\" style=\"font-size:1.5rem;background:rgba(0,0,0,0.5);color:#fff\"><\/div><\/div><\/div><\/div><div class=\"wpb_column vc_column_container\"><div class=\"vc_column-inner\"><div class=\"w-video align_none ratio_16x9 has_iframe\"><div class=\"w-video-h\"><iframe title=\"Youtube video player\" src=\"\/\/www.youtube.com\/embed\/Lri7MkoXvgo?autoplay=0&controls=1&origin=https:\/\/www.bauapp.net&loop=0&mute=0\" allowfullscreen=\"1\" loading=\"lazy\"><\/iframe><\/div><div class=\"w-video-icon\" style=\"font-size:1.5rem;background:rgba(0,0,0,0.5);color:#fff\"><\/div><\/div><\/div><\/div><\/div><\/div><\/div><\/div><\/div><\/section><section class=\"l-section wpb_row height_medium\"><div class=\"l-section-h i-cf\"><div class=\"g-cols vc_row via_grid cols_1 laptops-cols_inherit tablets-cols_inherit mobiles-cols_1 valign_top type_default stacking_default\"><div class=\"wpb_column vc_column_container\"><div class=\"vc_column-inner\"><div class=\"wpb_text_column\"><div class=\"wpb_wrapper\"><h5 style=\"text-align: center;\">OUR PARTNERS SUPPORTING DTLS<\/h5>\n<\/div><\/div><div class=\"wpb_text_column\"><div class=\"wpb_wrapper\"><style>\n<p>      #reset-this-root {<br \/>          all: initial;<br \/>      }<\/p>\n<p>      .img-fluid{<br \/>          max-width: 100%;<br \/>      }<\/p>\n<p>      #img-box-bauapp {<br \/>          width: 100px;<br \/>          display: inline-block;<br \/>          display: inline-block;<br \/>          vertical-align: middle;<br \/>          background-color: rgb(255, 255, 255);<br \/>          border: 10px solid rgb(255, 255, 255);<br \/>          padding: 10px;<br \/>          margin: 10px;<br \/>      }<\/p>\n<p>      #keretid{<br \/>          max-width:auto;<br \/>      }<br \/>  <\/style>\n<p>&nbsp;<\/p>\n<\/div><\/div><div class=\"wpb_text_column\"><div class=\"wpb_wrapper\"><\/div><\/div><div class=\"g-cols wpb_row via_grid cols_4 laptops-cols_inherit tablets-cols_inherit mobiles-cols_1 valign_top type_default stacking_default\" style=\"--gap:3rem;\"><div class=\"wpb_column vc_column_container\"><div class=\"vc_column-inner\"><\/div><\/div><div class=\"wpb_column vc_column_container\"><div class=\"vc_column-inner\"><div class=\"wpb_text_column\"><div class=\"wpb_wrapper\"><p><img decoding=\"async\" class=\"alignnone size-medium wp-image-856\" src=\"https:\/\/www.bauapp.net\/wp-content\/uploads\/2024\/05\/evosz_logo2-300x84.png\" alt=\"\" width=\"300\" height=\"84\" srcset=\"https:\/\/www.bauapp.net\/wp-content\/uploads\/2024\/05\/evosz_logo2-300x84.png 300w, https:\/\/www.bauapp.net\/wp-content\/uploads\/2024\/05\/evosz_logo2.png 356w\" sizes=\"(max-width: 300px) 100vw, 300px\" \/><\/p>\n<\/div><\/div><\/div><\/div><div class=\"wpb_column vc_column_container\"><div class=\"vc_column-inner\"><div class=\"wpb_text_column\"><div class=\"wpb_wrapper\"><style>\n.noHover{<br \/>    pointer-events: none;<br \/>}<br \/><\/style>\n<p><a id=\"noHover\" href=\"https:\/\/www.bauapp.net\/?page_id=858\"><img loading=\"lazy\" decoding=\"async\" class=\"alignnone size-full wp-image-855\" src=\"https:\/\/www.bauapp.net\/wp-content\/uploads\/2024\/05\/logo-1.png\" alt=\"\" width=\"278\" height=\"101\" \/><\/a><\/p>\n<\/div><\/div><\/div><\/div><div class=\"wpb_column vc_column_container\"><div class=\"vc_column-inner\"><\/div><\/div><\/div><\/div><\/div><\/div><\/div><\/section><div class=\"wpb_column vc_column_container us_custom_564eb121 us_animate_aft\"><div class=\"vc_column-inner\"><\/div><\/div><section class=\"l-section wpb_row height_medium\" id=\"kapcsolat\"><div class=\"l-section-h i-cf\"><div class=\"g-cols vc_row via_grid cols_1 laptops-cols_inherit tablets-cols_inherit mobiles-cols_1 valign_top type_default stacking_default\"><div class=\"wpb_column vc_column_container\"><div class=\"vc_column-inner\"><div class=\"w-separator us_custom_df5f4c97 has_text_color size_large\"><\/div><\/div><\/div><\/div><\/div><\/section><section class=\"l-section wpb_row height_medium\"><div class=\"l-section-h i-cf\"><div class=\"g-cols vc_row via_grid cols_1 laptops-cols_inherit tablets-cols_inherit mobiles-cols_1 valign_top type_default stacking_default\"><div class=\"wpb_column vc_column_container\"><div class=\"vc_column-inner\"><div class=\"wpb_text_column\"><div class=\"wpb_wrapper\"><h4 style=\"text-align: center;\">DTLS CONTRACTOR CLIENTS<\/h4>\n<p>&nbsp;<\/p>\n<section id=\"reset-this-root\" class=\"section-bg\">\n<div class=\"container\">\n<div id=\"keretid\" class=\"row no-gutters clients-wrap clearfix\" style=\"visibility: visible; animation-name: fadeInUp;\">\n<div id=\"img-box-bauapp\" class=\"col-lg-2\">\n<div class=\"client-logo\"><img decoding=\"async\" class=\"img-fluid\" src=\"https:\/\/www.bauapp.net\/wp-content\/uploads\/2024\/05\/WHB_Logo_RGB-e1585749986362.png\" alt=\"WHB\" \/><\/div>\n<\/div>\n<div id=\"img-box-bauapp\" class=\"col-lg-2\">\n<div class=\"client-logo\"><img decoding=\"async\" class=\"img-fluid\" src=\"https:\/\/www.bauapp.net\/wp-content\/uploads\/2024\/05\/5d2f14bb537fa151d34c87db_client-company-jobpage.png\" alt=\"FUTUREAL\" \/><\/div>\n<\/div>\n<div id=\"img-box-bauapp\" class=\"col-lg-2\">\n<div class=\"client-logo\"><img decoding=\"async\" class=\"img-fluid\" src=\"https:\/\/www.bauapp.net\/wp-content\/uploads\/2024\/05\/market-black-300x119-1.png\" alt=\"Market\" \/><\/div>\n<\/div>\n<div id=\"img-box-bauapp\" class=\"col-lg-2\">\n<div class=\"client-logo\"><img decoding=\"async\" class=\"img-fluid\" src=\"https:\/\/www.bauapp.net\/wp-content\/uploads\/2024\/05\/logo-2.png\" alt=\"Kesz\" \/><\/div>\n<\/div>\n<div id=\"img-box-bauapp\" class=\"col-lg-2\">\n<div class=\"client-logo\"><img decoding=\"async\" class=\"img-fluid\" src=\"https:\/\/www.bauapp.net\/wp-content\/uploads\/2024\/05\/header-logo-300x126-1.png\" alt=\"metrodom\" \/><\/div>\n<\/div>\n<div id=\"img-box-bauapp\" class=\"col-lg-2\">\n<div class=\"client-logo\"><img decoding=\"async\" class=\"img-fluid\" src=\"https:\/\/www.bauapp.net\/wp-content\/uploads\/2024\/05\/mepito-300x173-1.png\" alt=\"Magyar \u00c9p\u00edt\u0151\" \/><\/div>\n<\/div>\n<div id=\"img-box-bauapp\" class=\"col-lg-2\">\n<div class=\"client-logo\"><img decoding=\"async\" class=\"img-fluid\" src=\"https:\/\/www.bauapp.net\/wp-content\/uploads\/2024\/05\/bg-logo@2x1.png\" alt=\"BIGGEORGE\" \/><\/div>\n<\/div>\n<div id=\"img-box-bauapp\" class=\"col-lg-2\">\n<div class=\"client-logo\"><img decoding=\"async\" class=\"img-fluid\" src=\"https:\/\/www.bauapp.net\/wp-content\/uploads\/2024\/05\/ebhinvest-200x152-1.jpg\" alt=\"Modinvest\" \/><\/div>\n<\/div>\n<\/div>\n<\/div>\n<\/section>\n<\/div><\/div><\/div><\/div><\/div><\/div><\/section><section class=\"l-section wpb_row height_medium\"><div class=\"l-section-h i-cf\"><div class=\"g-cols vc_row via_grid cols_1 laptops-cols_inherit tablets-cols_inherit mobiles-cols_1 valign_top type_default stacking_default\"><div class=\"wpb_column vc_column_container\"><div class=\"vc_column-inner\"><div class=\"g-cols wpb_row via_grid cols_1 laptops-cols_inherit tablets-cols_inherit mobiles-cols_1 valign_top type_default stacking_default\" style=\"--gap:3rem;\"><div class=\"wpb_column vc_column_container\"><div class=\"vc_column-inner\"><div class=\"wpb_text_column\"><div class=\"wpb_wrapper\"><h4 style=\"text-align: center;\">DTLS MATERIAL PRODUCER AND TRADER PARTNERS<\/h4>\n<section id=\"reset-this-root\" class=\"section-bg\">\n<div class=\"container\">\n<div id=\"keretid\" class=\"row no-gutters clients-wrap clearfix\" style=\"visibility: visible; animation-name: fadeInUp;\">\n<div id=\"img-box-bauapp\" class=\"col-lg-2\">\n<div class=\"client-logo\"><img decoding=\"async\" class=\"img-fluid\" src=\"https:\/\/www.bauapp.net\/wp-content\/uploads\/2024\/05\/mastperplast-300x191-2.jpeg\" alt=\"Mastperplast\" \/><\/div>\n<\/div>\n<div id=\"img-box-bauapp\" class=\"col-lg-2\">\n<div class=\"client-logo\"><img decoding=\"async\" class=\"img-fluid\" src=\"https:\/\/www.bauapp.net\/wp-content\/uploads\/2024\/05\/hufbau_akker-266x300-1.png\" alt=\"hufbau\" \/><\/div>\n<\/div>\n<div id=\"img-box-bauapp\" class=\"col-lg-2\">\n<div class=\"client-logo\"><img decoding=\"async\" class=\"img-fluid\" src=\"https:\/\/www.bauapp.net\/wp-content\/uploads\/2024\/05\/ujhaz.png\" alt=\"ujhaz\" \/><\/div>\n<\/div>\n<div id=\"img-box-bauapp\" class=\"col-lg-2\">\n<div class=\"client-logo\"><img decoding=\"async\" class=\"img-fluid\" src=\"https:\/\/www.bauapp.net\/wp-content\/uploads\/2024\/05\/bausys-92-300x258-3.png\" alt=\"Bausys-92\" \/><\/div>\n<\/div>\n<div id=\"img-box-bauapp\" class=\"col-lg-2\">\n<div class=\"client-logo\"><img decoding=\"async\" class=\"img-fluid\" src=\"https:\/\/www.bauapp.net\/wp-content\/uploads\/2024\/05\/gobesz-logo1-2.png\" alt=\"gobesz\" \/><\/div>\n<\/div>\n<div id=\"img-box-bauapp\" class=\"col-lg-2\">\n<div class=\"client-logo\"><img decoding=\"async\" class=\"img-fluid\" src=\"https:\/\/www.bauapp.net\/wp-content\/uploads\/2024\/05\/palatinus-1.png\" alt=\"palatinus\" \/><\/div>\n<\/div>\n<div id=\"img-box-bauapp\" class=\"col-lg-2\">\n<div class=\"client-logo\"><img decoding=\"async\" class=\"img-fluid\" src=\"https:\/\/www.bauapp.net\/wp-content\/uploads\/2024\/05\/filo-szaniter-1.jpeg\" alt=\"filo-szaniter\" \/><\/div>\n<\/div>\n<div id=\"img-box-bauapp\" class=\"col-lg-2\">\n<div class=\"client-logo\"><img decoding=\"async\" class=\"img-fluid\" src=\"https:\/\/www.bauapp.net\/wp-content\/uploads\/2024\/05\/witzing-236x300-2.webp\" alt=\"witzing\" \/><\/div>\n<\/div>\n<div id=\"img-box-bauapp\" class=\"col-lg-2\">\n<div class=\"client-logo\"><img decoding=\"async\" class=\"img-fluid\" src=\"https:\/\/www.bauapp.net\/wp-content\/uploads\/2024\/05\/hilti-300x188-2.jpeg\" alt=\"hilti\" \/><\/div>\n<\/div>\n<div id=\"img-box-bauapp\" class=\"col-lg-2\">\n<div class=\"client-logo\"><img decoding=\"async\" class=\"img-fluid\" src=\"https:\/\/www.bauapp.net\/wp-content\/uploads\/2024\/05\/tegola-300x90-2.jpeg\" alt=\"tegola\" \/><\/div>\n<\/div>\n<div id=\"img-box-bauapp\" class=\"col-lg-2\">\n<div class=\"client-logo\"><img decoding=\"async\" class=\"img-fluid\" src=\"https:\/\/www.bauapp.net\/wp-content\/uploads\/2024\/05\/beton-partner-2.png\" alt=\"beton-partner\" \/><\/div>\n<\/div>\n<div id=\"img-box-bauapp\" class=\"col-lg-2\">\n<div class=\"client-logo\"><img decoding=\"async\" class=\"img-fluid\" src=\"https:\/\/www.bauapp.net\/wp-content\/uploads\/2024\/05\/ujhaz.png\" alt=\"ujhaz\" \/><\/div>\n<\/div>\n<\/div>\n<\/div>\n<\/section>\n<\/div><\/div><\/div><\/div><\/div><\/div><\/div><\/div><\/div><\/section><section class=\"l-section wpb_row height_medium\"><div class=\"l-section-h i-cf\"><div class=\"g-cols vc_row via_grid cols_1 laptops-cols_inherit tablets-cols_inherit mobiles-cols_1 valign_top type_default stacking_default\"><div class=\"wpb_column vc_column_container\"><div class=\"vc_column-inner\"><div class=\"wpb_text_column\"><div class=\"wpb_wrapper\"><h3 style=\"text-align: center;\">What are the benefits of Digital Terrain Logistics Standard (DTLS)?<\/h3>\n<p>&nbsp;<\/p>\n<p>&nbsp;<\/p>\n<p style=\"text-align: center;\">Improving the efficiency of materials management is an essential part of creating an efficient construction industry, as the largest element of the<\/p>\n<p>&nbsp;<\/p>\n<p style=\"text-align: center;\">entire industry\u2019s cost base is material procurement. One of the most important steps in the implementation of efficient material management is<\/p>\n<p>&nbsp;<\/p>\n<p style=\"text-align: center;\">the proper identification of materials and the digitization of on-site logistics, in summary, the digitization of terrain logistics.<\/p>\n<\/div><\/div><\/div><\/div><\/div><\/div><\/section><section class=\"l-section wpb_row height_medium\"><div class=\"l-section-h i-cf\"><div class=\"g-cols vc_row via_grid cols_3 laptops-cols_inherit tablets-cols_inherit mobiles-cols_1 valign_top type_default stacking_default\"><div class=\"wpb_column vc_column_container\"><div class=\"vc_column-inner\"><div class=\"w-image align_center\"><div class=\"w-image-h\"><img loading=\"lazy\" decoding=\"async\" width=\"114\" height=\"114\" src=\"https:\/\/www.bauapp.net\/wp-content\/uploads\/2024\/05\/advantage-1.png\" class=\"attachment-full size-full\" alt=\"\" loading=\"lazy\" \/><\/div><\/div><div class=\"wpb_text_column\"><div class=\"wpb_wrapper\"><p style=\"text-align: center;\">Quick identification of materials on-site<\/p>\n<\/div><\/div><\/div><\/div><div class=\"wpb_column vc_column_container\"><div class=\"vc_column-inner\"><div class=\"w-image align_center\"><div class=\"w-image-h\"><img loading=\"lazy\" decoding=\"async\" width=\"114\" height=\"114\" src=\"https:\/\/www.bauapp.net\/wp-content\/uploads\/2024\/05\/advantage-2.png\" class=\"attachment-full size-full\" alt=\"\" loading=\"lazy\" \/><\/div><\/div><div class=\"wpb_text_column\"><div class=\"wpb_wrapper\"><p style=\"text-align: center;\">Real-time and accurate stock levels<\/p>\n<\/div><\/div><\/div><\/div><div class=\"wpb_column vc_column_container\"><div class=\"vc_column-inner\"><div class=\"w-image align_center\"><div class=\"w-image-h\"><img loading=\"lazy\" decoding=\"async\" width=\"114\" height=\"114\" src=\"https:\/\/www.bauapp.net\/wp-content\/uploads\/2024\/05\/advantage-3.png\" class=\"attachment-full size-full\" alt=\"\" loading=\"lazy\" \/><\/div><\/div><div class=\"wpb_text_column\"><div class=\"wpb_wrapper\"><p style=\"text-align: center;\">Tracking of material usage on-site<\/p>\n<\/div><\/div><\/div><\/div><\/div><\/div><\/section><section class=\"l-section wpb_row height_medium\"><div class=\"l-section-h i-cf\"><div class=\"g-cols vc_row via_grid cols_2 laptops-cols_inherit tablets-cols_inherit mobiles-cols_1 valign_top type_default stacking_default\"><div class=\"wpb_column vc_column_container\"><div class=\"vc_column-inner\"><div class=\"w-image align_center\"><div class=\"w-image-h\"><img loading=\"lazy\" decoding=\"async\" width=\"100\" height=\"107\" src=\"https:\/\/www.bauapp.net\/wp-content\/uploads\/2024\/05\/advantage-4-1.png\" class=\"attachment-full size-full\" alt=\"\" loading=\"lazy\" \/><\/div><\/div><div class=\"wpb_text_column\"><div class=\"wpb_wrapper\"><p style=\"text-align: center;\">Delivery note tracking and feedback between partners<\/p>\n<\/div><\/div><\/div><\/div><div class=\"wpb_column vc_column_container\"><div class=\"vc_column-inner\"><div class=\"w-image align_center\"><div class=\"w-image-h\"><img loading=\"lazy\" decoding=\"async\" width=\"226\" height=\"122\" src=\"https:\/\/www.bauapp.net\/wp-content\/uploads\/2024\/05\/GS1logo-hungary.png\" class=\"attachment-full size-full\" alt=\"\" loading=\"lazy\" \/><\/div><\/div><div class=\"wpb_text_column\"><div class=\"wpb_wrapper\"><p style=\"text-align: center;\">Using of GS1, GTIN\/EAN barcodes makes the process easier<\/p>\n<\/div><\/div><\/div><\/div><\/div><\/div><\/section><section class=\"l-section wpb_row us_custom_eac59c77 height_medium\"><div class=\"l-section-h i-cf\"><div class=\"g-cols vc_row via_grid cols_3 laptops-cols_inherit tablets-cols_inherit mobiles-cols_1 valign_top type_default stacking_default\"><div class=\"wpb_column vc_column_container\"><div class=\"vc_column-inner\"><div class=\"wpb_text_column\"><div class=\"wpb_wrapper\"><h3><\/h3>\n<h3><\/h3>\n<h3 style=\"text-align: center;\">Intelligent Delivery<br \/>\nNote<\/h3>\n<\/div><\/div><div class=\"w-image align_center\"><div class=\"w-image-h\"><img loading=\"lazy\" decoding=\"async\" width=\"1039\" height=\"789\" src=\"https:\/\/www.bauapp.net\/wp-content\/uploads\/2024\/05\/anyagazonositas-1.png\" class=\"attachment-full size-full\" alt=\"\" loading=\"lazy\" srcset=\"https:\/\/www.bauapp.net\/wp-content\/uploads\/2024\/05\/anyagazonositas-1.png 1039w, https:\/\/www.bauapp.net\/wp-content\/uploads\/2024\/05\/anyagazonositas-1-300x228.png 300w, https:\/\/www.bauapp.net\/wp-content\/uploads\/2024\/05\/anyagazonositas-1-1024x778.png 1024w\" sizes=\"auto, (max-width: 1039px) 100vw, 1039px\" \/><\/div><\/div><div class=\"wpb_text_column\"><div class=\"wpb_wrapper\"><p style=\"text-align: center;\">Get your Digital Terrain Logistics Standard delivery note with QR code in seconds.<\/p>\n<\/div><\/div><\/div><\/div><div class=\"wpb_column vc_column_container\"><div class=\"vc_column-inner\"><div class=\"wpb_text_column\"><div class=\"wpb_wrapper\"><h3><\/h3>\n<h3><\/h3>\n<h3 style=\"text-align: center;\">Material Warehouse<br \/>\nApp<\/h3>\n<\/div><\/div><div class=\"w-image align_center\"><div class=\"w-image-h\"><img loading=\"lazy\" decoding=\"async\" width=\"1039\" height=\"789\" src=\"https:\/\/www.bauapp.net\/wp-content\/uploads\/2024\/05\/anyagrakt_bauapp-1.png\" class=\"attachment-full size-full\" alt=\"\" loading=\"lazy\" srcset=\"https:\/\/www.bauapp.net\/wp-content\/uploads\/2024\/05\/anyagrakt_bauapp-1.png 1039w, https:\/\/www.bauapp.net\/wp-content\/uploads\/2024\/05\/anyagrakt_bauapp-1-300x228.png 300w, https:\/\/www.bauapp.net\/wp-content\/uploads\/2024\/05\/anyagrakt_bauapp-1-1024x778.png 1024w\" sizes=\"auto, (max-width: 1039px) 100vw, 1039px\" \/><\/div><\/div><div class=\"wpb_text_column\"><div class=\"wpb_wrapper\"><p style=\"text-align: center;\">Inventory level tracking. Material handover and usage tracking. Easy and fast receipt of goods.<\/p>\n<\/div><\/div><\/div><\/div><div class=\"wpb_column vc_column_container\"><div class=\"vc_column-inner\"><div class=\"wpb_text_column\"><div class=\"wpb_wrapper\"><h3><\/h3>\n<h3><\/h3>\n<h3 style=\"text-align: center;\">Equipment Warehouse<br \/>\napp<\/h3>\n<\/div><\/div><div class=\"w-image align_center\"><div class=\"w-image-h\"><img loading=\"lazy\" decoding=\"async\" width=\"1039\" height=\"789\" src=\"https:\/\/www.bauapp.net\/wp-content\/uploads\/2024\/05\/eszkozkezeles3-1.png\" class=\"attachment-full size-full\" alt=\"\" loading=\"lazy\" srcset=\"https:\/\/www.bauapp.net\/wp-content\/uploads\/2024\/05\/eszkozkezeles3-1.png 1039w, https:\/\/www.bauapp.net\/wp-content\/uploads\/2024\/05\/eszkozkezeles3-1-300x228.png 300w, https:\/\/www.bauapp.net\/wp-content\/uploads\/2024\/05\/eszkozkezeles3-1-1024x778.png 1024w\" sizes=\"auto, (max-width: 1039px) 100vw, 1039px\" \/><\/div><\/div><div class=\"wpb_text_column\"><div class=\"wpb_wrapper\"><p style=\"text-align: center;\">Release and return of equipment and tools in the construction warehouse using the BauApp Equipment Warehouse application.<\/p>\n<\/div><\/div><\/div><\/div><\/div><\/div><\/section>\n","protected":false},"excerpt":{"rendered":"Digital Terrain Logistics Standard (DTLS) BauApp Leads Largest Construction Alliance to Create Digital Terrain Logistics Standard and Standard Material Identification. &nbsp; The creation of such a standard is only possible through wide-ranging cooperation. Leading construction players are constantly joining, with whom we work intensively and jointly to develop Standard Material Identification and Digital Terrain-Logistics Standard...","protected":false},"author":1,"featured_media":0,"parent":0,"menu_order":0,"comment_status":"closed","ping_status":"closed","template":"","meta":{"_monsterinsights_skip_tracking":false,"_monsterinsights_sitenote_active":false,"_monsterinsights_sitenote_note":"","_monsterinsights_sitenote_category":0,"footnotes":""},"class_list":["post-1006","page","type-page","status-publish","hentry"],"_links":{"self":[{"href":"https:\/\/www.bauapp.net\/index.php?rest_route=\/wp\/v2\/pages\/1006","targetHints":{"allow":["GET"]}}],"collection":[{"href":"https:\/\/www.bauapp.net\/index.php?rest_route=\/wp\/v2\/pages"}],"about":[{"href":"https:\/\/www.bauapp.net\/index.php?rest_route=\/wp\/v2\/types\/page"}],"author":[{"embeddable":true,"href":"https:\/\/www.bauapp.net\/index.php?rest_route=\/wp\/v2\/users\/1"}],"replies":[{"embeddable":true,"href":"https:\/\/www.bauapp.net\/index.php?rest_route=%2Fwp%2Fv2%2Fcomments&post=1006"}],"version-history":[{"count":0,"href":"https:\/\/www.bauapp.net\/index.php?rest_route=\/wp\/v2\/pages\/1006\/revisions"}],"wp:attachment":[{"href":"https:\/\/www.bauapp.net\/index.php?rest_route=%2Fwp%2Fv2%2Fmedia&parent=1006"}],"curies":[{"name":"wp","href":"https:\/\/api.w.org\/{rel}","templated":true}]}}